{"id":8,"date":"2026-04-26T19:40:05","date_gmt":"2026-04-26T17:40:05","guid":{"rendered":"http:\/\/www.maitrise-performance.com\/home\/"},"modified":"2026-04-26T22:35:18","modified_gmt":"2026-04-26T20:35:18","slug":"home","status":"publish","type":"page","link":"https:\/\/www.maitrise-performance.com\/","title":{"rendered":"Home"},"content":{"rendered":"\n<h2 class=\"wp-block-heading\">L\u2019Expertise au service de l\u2019Inexplicable<\/h2>\n\n\n\n<p>Sp\u00e9cialiste de l&rsquo;hypnose de performance, j&rsquo;ai d\u00e9di\u00e9 ma passion \u00e0 d\u00e9construire les m\u00e9canismes de la suggestion et de l&rsquo;influence. Mon approche est n\u00e9e sur le terrain : la rue. C&rsquo;est l\u00e0, face \u00e0 l&rsquo;impr\u00e9vu, que j&rsquo;ai forg\u00e9 une m\u00e9thode infaillible.<\/p>\n\n\n\n<p>Aujourd&rsquo;hui, je mets cette double expertise de performer et de p\u00e9dagogue \u00e0 votre service, que ce soit pour sublimer un \u00e9v\u00e9nement VIP ou pour vous transmettre les cl\u00e9s de la ma\u00eetrise psychologique.<\/p>\n\n\n\n<p><\/p>\n\n\n\n<figure class=\"wp-block-table\"><table class=\"has-fixed-layout\"><thead><tr><th>\u00c9v\u00e9nementiel &amp; VIP<\/th><th>L&rsquo;ACAD\u00c9MIE D&rsquo;HYPNOSE<\/th><\/tr><\/thead><tbody><tr><td>Offrez \u00e0 vos invit\u00e9s une exp\u00e9rience \u00e9l\u00e9gante et percutante. Du cocktail (proximit\u00e9) au show de sc\u00e8ne, je transforme votre \u00e9v\u00e9nement en un moment historique.<\/td><td>Apprenez les secrets de l&rsquo;influence rapide. Du guide complet au stage intensif de 2 jours, ma\u00eetrisez les techniques concr\u00e8tes de l&rsquo;hypnose de rue.<\/td><\/tr><tr><td><i>Demander un Devis<\/i><br>En cours de cr\u00e9ation<\/td><td><i>Acc\u00e9der aux Formation<br>En cours de cr\u00e9ation<\/i><\/td><\/tr><\/tbody><\/table><\/figure>\n","protected":false},"excerpt":{"rendered":"<p>L\u2019Expertise au service de l\u2019Inexplicable Sp\u00e9cialiste de l&rsquo;hypnose de performance, j&rsquo;ai d\u00e9di\u00e9 ma passion \u00e0 d\u00e9construire les m\u00e9canismes de la suggestion et de l&rsquo;influence. Mon approche est n\u00e9e sur le terrain : la rue. C&rsquo;est l\u00e0, face \u00e0 l&rsquo;impr\u00e9vu, que j&rsquo;ai forg\u00e9 une m\u00e9thode infaillible. Aujourd&rsquo;hui, je mets cette double expertise de performer et de [&hellip;]<\/p>\n","protected":false},"author":1,"featured_media":0,"parent":0,"menu_order":0,"comment_status":"closed","ping_status":"closed","template":"template-business.php","meta":{"footnotes":""},"class_list":["post-8","page","type-page","status-publish","hentry"],"_links":{"self":[{"href":"https:\/\/www.maitrise-performance.com\/index.php?rest_route=\/wp\/v2\/pages\/8","targetHints":{"allow":["GET"]}}],"collection":[{"href":"https:\/\/www.maitrise-performance.com\/index.php?rest_route=\/wp\/v2\/pages"}],"about":[{"href":"https:\/\/www.maitrise-performance.com\/index.php?rest_route=\/wp\/v2\/types\/page"}],"author":[{"embeddable":true,"href":"https:\/\/www.maitrise-performance.com\/index.php?rest_route=\/wp\/v2\/users\/1"}],"replies":[{"embeddable":true,"href":"https:\/\/www.maitrise-performance.com\/index.php?rest_route=%2Fwp%2Fv2%2Fcomments&post=8"}],"version-history":[{"count":2,"href":"https:\/\/www.maitrise-performance.com\/index.php?rest_route=\/wp\/v2\/pages\/8\/revisions"}],"predecessor-version":[{"id":24,"href":"https:\/\/www.maitrise-performance.com\/index.php?rest_route=\/wp\/v2\/pages\/8\/revisions\/24"}],"wp:attachment":[{"href":"https:\/\/www.maitrise-performance.com\/index.php?rest_route=%2Fwp%2Fv2%2Fmedia&parent=8"}],"curies":[{"name":"wp","href":"https:\/\/api.w.org\/{rel}","templated":true}]}}